{"id":8984,"date":"2024-04-25T10:11:10","date_gmt":"2024-04-25T07:11:10","guid":{"rendered":"https:\/\/cofetariascalaoradea.ro\/?post_type=product&#038;p=8984"},"modified":"2025-04-15T13:48:51","modified_gmt":"2025-04-15T10:48:51","slug":"pasca","status":"publish","type":"product","link":"https:\/\/staging.cofetariascalaoradea.ro\/hu\/produs\/pasca\/","title":{"rendered":"Pasca"},"content":{"rendered":"<p><strong>Ingrediente<\/strong>: faina de GRAU, LAPTE, OUA, UNT grasime 82%, Branza de vaci, zahar stafide, esenta de vanilie, amidon, drojdie<br \/>\n<strong>Greutate: 1,5<\/strong>00g<\/p>\n","protected":false},"excerpt":{"rendered":"<h6>Aluat pufos traditional cu lapte, unt si oua proaspeste, umplut cu branza de vaci si stafide delicioase.<strong><br \/>\n<\/strong><\/h6>\n<p><strong>Alergeni<\/strong>: Gluten,LACTOZA, OUA<\/p>\n","protected":false},"featured_media":8989,"comment_status":"closed","ping_status":"closed","template":"","meta":{"_acf_changed":false,"jetpack_publicize_message":"","jetpack_publicize_feature_enabled":true,"jetpack_social_post_already_shared":true,"jetpack_social_options":{"image_generator_settings":{"template":"highway","default_image_id":0,"font":"","enabled":false},"version":2}},"product_brand":[],"product_cat":[18],"product_tag":[140,141,142],"class_list":{"0":"post-8984","1":"product","2":"type-product","3":"status-publish","4":"has-post-thumbnail","6":"product_cat-patiserie","7":"product_tag-pasca","8":"product_tag-paste","9":"product_tag-pascu-cu-branza","11":"first","12":"outofstock","13":"taxable","14":"shipping-taxable","15":"purchasable","16":"product-type-simple"},"exclude_global_add_ons":[],"addons":[],"acf":[],"yoast_head":"<!-- This site is optimized with the Yoast SEO plugin v27.5 - https:\/\/yoast.com\/product\/yoast-seo-wordpress\/ -->\n<title>Pasca - Cofetaria Scala Oradea<\/title>\n<meta name=\"description\" content=\"Pasca traditional romaneasca facuta dintr-un aluat pufos cu lapte, unt si oua proaspeste, umplut cu branza de vaci si stafide delicioase.\" \/>\n<meta name=\"robots\" content=\"noindex, follow, max-snippet:-1, max-image-preview:large, max-video-preview:-1\" \/>\n<meta property=\"og:locale\" content=\"hu_HU\" \/>\n<meta property=\"og:type\" content=\"article\" \/>\n<meta property=\"og:title\" content=\"Pasca - Cofetaria Scala Oradea\" \/>\n<meta property=\"og:description\" content=\"Pasca traditional romaneasca facuta dintr-un aluat pufos cu lapte, unt si oua proaspeste, umplut cu branza de vaci si stafide delicioase.\" \/>\n<meta property=\"og:url\" content=\"https:\/\/staging.cofetariascalaoradea.ro\/hu\/produs\/pasca\/\" \/>\n<meta property=\"og:site_name\" content=\"Cofetaria Scala Oradea\" \/>\n<meta property=\"article:publisher\" content=\"https:\/\/www.facebook.com\/cofetariascalaoradea\" \/>\n<meta property=\"article:modified_time\" content=\"2025-04-15T10:48:51+00:00\" \/>\n<meta property=\"og:image\" content=\"https:\/\/i0.wp.com\/staging.cofetariascalaoradea.ro\/wp-content\/uploads\/2024\/04\/RGL05747-scaled.webp?fit=1920%2C1280&ssl=1\" \/>\n\t<meta property=\"og:image:width\" content=\"1920\" \/>\n\t<meta property=\"og:image:height\" content=\"1280\" \/>\n\t<meta property=\"og:image:type\" content=\"image\/webp\" \/>\n<meta name=\"twitter:card\" content=\"summary_large_image\" \/>\n<meta name=\"twitter:label1\" content=\"Becs\u00fclt olvas\u00e1si id\u0151\" \/>\n\t<meta name=\"twitter:data1\" content=\"1 perc\" \/>\n<script type=\"application\/ld+json\" class=\"yoast-schema-graph\">{\"@context\":\"https:\\\/\\\/schema.org\",\"@graph\":[{\"@type\":\"WebPage\",\"@id\":\"https:\\\/\\\/staging.cofetariascalaoradea.ro\\\/hu\\\/produs\\\/pasca\\\/\",\"url\":\"https:\\\/\\\/staging.cofetariascalaoradea.ro\\\/hu\\\/produs\\\/pasca\\\/\",\"name\":\"Pasca - Cofetaria Scala Oradea\",\"isPartOf\":{\"@id\":\"https:\\\/\\\/staging.cofetariascalaoradea.ro\\\/hu\\\/#website\"},\"primaryImageOfPage\":{\"@id\":\"https:\\\/\\\/staging.cofetariascalaoradea.ro\\\/hu\\\/produs\\\/pasca\\\/#primaryimage\"},\"image\":{\"@id\":\"https:\\\/\\\/staging.cofetariascalaoradea.ro\\\/hu\\\/produs\\\/pasca\\\/#primaryimage\"},\"thumbnailUrl\":\"https:\\\/\\\/i0.wp.com\\\/staging.cofetariascalaoradea.ro\\\/wp-content\\\/uploads\\\/2024\\\/04\\\/RGL05747-scaled.webp?fit=1920%2C1280&ssl=1\",\"datePublished\":\"2024-04-25T07:11:10+00:00\",\"dateModified\":\"2025-04-15T10:48:51+00:00\",\"description\":\"Pasca traditional romaneasca facuta dintr-un aluat pufos cu lapte, unt si oua proaspeste, umplut cu branza de vaci si stafide delicioase.\",\"breadcrumb\":{\"@id\":\"https:\\\/\\\/staging.cofetariascalaoradea.ro\\\/hu\\\/produs\\\/pasca\\\/#breadcrumb\"},\"inLanguage\":\"hu\",\"potentialAction\":[{\"@type\":\"ReadAction\",\"target\":[\"https:\\\/\\\/staging.cofetariascalaoradea.ro\\\/hu\\\/produs\\\/pasca\\\/\"]}]},{\"@type\":\"ImageObject\",\"inLanguage\":\"hu\",\"@id\":\"https:\\\/\\\/staging.cofetariascalaoradea.ro\\\/hu\\\/produs\\\/pasca\\\/#primaryimage\",\"url\":\"https:\\\/\\\/i0.wp.com\\\/staging.cofetariascalaoradea.ro\\\/wp-content\\\/uploads\\\/2024\\\/04\\\/RGL05747-scaled.webp?fit=1920%2C1280&ssl=1\",\"contentUrl\":\"https:\\\/\\\/i0.wp.com\\\/staging.cofetariascalaoradea.ro\\\/wp-content\\\/uploads\\\/2024\\\/04\\\/RGL05747-scaled.webp?fit=1920%2C1280&ssl=1\",\"width\":1920,\"height\":1280},{\"@type\":\"BreadcrumbList\",\"@id\":\"https:\\\/\\\/staging.cofetariascalaoradea.ro\\\/hu\\\/produs\\\/pasca\\\/#breadcrumb\",\"itemListElement\":[{\"@type\":\"ListItem\",\"position\":1,\"name\":\"Prima pagin\u0103\",\"item\":\"https:\\\/\\\/staging.cofetariascalaoradea.ro\\\/hu\\\/homez\\\/\"},{\"@type\":\"ListItem\",\"position\":2,\"name\":\"Shop\",\"item\":\"https:\\\/\\\/staging.cofetariascalaoradea.ro\\\/shop\\\/\"},{\"@type\":\"ListItem\",\"position\":3,\"name\":\"Pasca\"}]},{\"@type\":\"WebSite\",\"@id\":\"https:\\\/\\\/staging.cofetariascalaoradea.ro\\\/hu\\\/#website\",\"url\":\"https:\\\/\\\/staging.cofetariascalaoradea.ro\\\/hu\\\/\",\"name\":\"Cofetaria Scala Oradea\",\"description\":\"Gustul amintirilor dulci\",\"publisher\":{\"@id\":\"https:\\\/\\\/staging.cofetariascalaoradea.ro\\\/hu\\\/#organization\"},\"potentialAction\":[{\"@type\":\"SearchAction\",\"target\":{\"@type\":\"EntryPoint\",\"urlTemplate\":\"https:\\\/\\\/staging.cofetariascalaoradea.ro\\\/hu\\\/?s={search_term_string}\"},\"query-input\":{\"@type\":\"PropertyValueSpecification\",\"valueRequired\":true,\"valueName\":\"search_term_string\"}}],\"inLanguage\":\"hu\"},{\"@type\":\"Organization\",\"@id\":\"https:\\\/\\\/staging.cofetariascalaoradea.ro\\\/hu\\\/#organization\",\"name\":\"Cofetaria Scala Oradea\",\"url\":\"https:\\\/\\\/staging.cofetariascalaoradea.ro\\\/hu\\\/\",\"logo\":{\"@type\":\"ImageObject\",\"inLanguage\":\"hu\",\"@id\":\"https:\\\/\\\/staging.cofetariascalaoradea.ro\\\/hu\\\/#\\\/schema\\\/logo\\\/image\\\/\",\"url\":\"https:\\\/\\\/staging.cofetariascalaoradea.ro\\\/wp-content\\\/uploads\\\/2020\\\/05\\\/logo-cofetaria-scala-oradea.png\",\"contentUrl\":\"https:\\\/\\\/staging.cofetariascalaoradea.ro\\\/wp-content\\\/uploads\\\/2020\\\/05\\\/logo-cofetaria-scala-oradea.png\",\"width\":300,\"height\":90,\"caption\":\"Cofetaria Scala Oradea\"},\"image\":{\"@id\":\"https:\\\/\\\/staging.cofetariascalaoradea.ro\\\/hu\\\/#\\\/schema\\\/logo\\\/image\\\/\"},\"sameAs\":[\"https:\\\/\\\/www.facebook.com\\\/cofetariascalaoradea\",\"https:\\\/\\\/www.instagram.com\\\/cofetariascalaoradea\"]}]}<\/script>\n<!-- \/ Yoast SEO plugin. -->","yoast_head_json":{"title":"Pasca - Cofetaria Scala Oradea","description":"Pasca traditional romaneasca facuta dintr-un aluat pufos cu lapte, unt si oua proaspeste, umplut cu branza de vaci si stafide delicioase.","robots":{"index":"noindex","follow":"follow","max-snippet":"max-snippet:-1","max-image-preview":"max-image-preview:large","max-video-preview":"max-video-preview:-1"},"og_locale":"hu_HU","og_type":"article","og_title":"Pasca - Cofetaria Scala Oradea","og_description":"Pasca traditional romaneasca facuta dintr-un aluat pufos cu lapte, unt si oua proaspeste, umplut cu branza de vaci si stafide delicioase.","og_url":"https:\/\/staging.cofetariascalaoradea.ro\/hu\/produs\/pasca\/","og_site_name":"Cofetaria Scala Oradea","article_publisher":"https:\/\/www.facebook.com\/cofetariascalaoradea","article_modified_time":"2025-04-15T10:48:51+00:00","og_image":[{"width":1920,"height":1280,"url":"https:\/\/i0.wp.com\/staging.cofetariascalaoradea.ro\/wp-content\/uploads\/2024\/04\/RGL05747-scaled.webp?fit=1920%2C1280&ssl=1","type":"image\/webp"}],"twitter_card":"summary_large_image","twitter_misc":{"Becs\u00fclt olvas\u00e1si id\u0151":"1 perc"},"schema":{"@context":"https:\/\/schema.org","@graph":[{"@type":"WebPage","@id":"https:\/\/staging.cofetariascalaoradea.ro\/hu\/produs\/pasca\/","url":"https:\/\/staging.cofetariascalaoradea.ro\/hu\/produs\/pasca\/","name":"Pasca - Cofetaria Scala Oradea","isPartOf":{"@id":"https:\/\/staging.cofetariascalaoradea.ro\/hu\/#website"},"primaryImageOfPage":{"@id":"https:\/\/staging.cofetariascalaoradea.ro\/hu\/produs\/pasca\/#primaryimage"},"image":{"@id":"https:\/\/staging.cofetariascalaoradea.ro\/hu\/produs\/pasca\/#primaryimage"},"thumbnailUrl":"https:\/\/i0.wp.com\/staging.cofetariascalaoradea.ro\/wp-content\/uploads\/2024\/04\/RGL05747-scaled.webp?fit=1920%2C1280&ssl=1","datePublished":"2024-04-25T07:11:10+00:00","dateModified":"2025-04-15T10:48:51+00:00","description":"Pasca traditional romaneasca facuta dintr-un aluat pufos cu lapte, unt si oua proaspeste, umplut cu branza de vaci si stafide delicioase.","breadcrumb":{"@id":"https:\/\/staging.cofetariascalaoradea.ro\/hu\/produs\/pasca\/#breadcrumb"},"inLanguage":"hu","potentialAction":[{"@type":"ReadAction","target":["https:\/\/staging.cofetariascalaoradea.ro\/hu\/produs\/pasca\/"]}]},{"@type":"ImageObject","inLanguage":"hu","@id":"https:\/\/staging.cofetariascalaoradea.ro\/hu\/produs\/pasca\/#primaryimage","url":"https:\/\/i0.wp.com\/staging.cofetariascalaoradea.ro\/wp-content\/uploads\/2024\/04\/RGL05747-scaled.webp?fit=1920%2C1280&ssl=1","contentUrl":"https:\/\/i0.wp.com\/staging.cofetariascalaoradea.ro\/wp-content\/uploads\/2024\/04\/RGL05747-scaled.webp?fit=1920%2C1280&ssl=1","width":1920,"height":1280},{"@type":"BreadcrumbList","@id":"https:\/\/staging.cofetariascalaoradea.ro\/hu\/produs\/pasca\/#breadcrumb","itemListElement":[{"@type":"ListItem","position":1,"name":"Prima pagin\u0103","item":"https:\/\/staging.cofetariascalaoradea.ro\/hu\/homez\/"},{"@type":"ListItem","position":2,"name":"Shop","item":"https:\/\/staging.cofetariascalaoradea.ro\/shop\/"},{"@type":"ListItem","position":3,"name":"Pasca"}]},{"@type":"WebSite","@id":"https:\/\/staging.cofetariascalaoradea.ro\/hu\/#website","url":"https:\/\/staging.cofetariascalaoradea.ro\/hu\/","name":"Cofetaria Scala Oradea","description":"Gustul amintirilor dulci","publisher":{"@id":"https:\/\/staging.cofetariascalaoradea.ro\/hu\/#organization"},"potentialAction":[{"@type":"SearchAction","target":{"@type":"EntryPoint","urlTemplate":"https:\/\/staging.cofetariascalaoradea.ro\/hu\/?s={search_term_string}"},"query-input":{"@type":"PropertyValueSpecification","valueRequired":true,"valueName":"search_term_string"}}],"inLanguage":"hu"},{"@type":"Organization","@id":"https:\/\/staging.cofetariascalaoradea.ro\/hu\/#organization","name":"Cofetaria Scala Oradea","url":"https:\/\/staging.cofetariascalaoradea.ro\/hu\/","logo":{"@type":"ImageObject","inLanguage":"hu","@id":"https:\/\/staging.cofetariascalaoradea.ro\/hu\/#\/schema\/logo\/image\/","url":"https:\/\/staging.cofetariascalaoradea.ro\/wp-content\/uploads\/2020\/05\/logo-cofetaria-scala-oradea.png","contentUrl":"https:\/\/staging.cofetariascalaoradea.ro\/wp-content\/uploads\/2020\/05\/logo-cofetaria-scala-oradea.png","width":300,"height":90,"caption":"Cofetaria Scala Oradea"},"image":{"@id":"https:\/\/staging.cofetariascalaoradea.ro\/hu\/#\/schema\/logo\/image\/"},"sameAs":["https:\/\/www.facebook.com\/cofetariascalaoradea","https:\/\/www.instagram.com\/cofetariascalaoradea"]}]}},"jetpack_publicize_connections":[],"jetpack_sharing_enabled":true,"_links":{"self":[{"href":"https:\/\/staging.cofetariascalaoradea.ro\/hu\/wp-json\/wp\/v2\/product\/8984","targetHints":{"allow":["GET"]}}],"collection":[{"href":"https:\/\/staging.cofetariascalaoradea.ro\/hu\/wp-json\/wp\/v2\/product"}],"about":[{"href":"https:\/\/staging.cofetariascalaoradea.ro\/hu\/wp-json\/wp\/v2\/types\/product"}],"replies":[{"embeddable":true,"href":"https:\/\/staging.cofetariascalaoradea.ro\/hu\/wp-json\/wp\/v2\/comments?post=8984"}],"wp:featuredmedia":[{"embeddable":true,"href":"https:\/\/staging.cofetariascalaoradea.ro\/hu\/wp-json\/wp\/v2\/media\/8989"}],"wp:attachment":[{"href":"https:\/\/staging.cofetariascalaoradea.ro\/hu\/wp-json\/wp\/v2\/media?parent=8984"}],"wp:term":[{"taxonomy":"product_brand","embeddable":true,"href":"https:\/\/staging.cofetariascalaoradea.ro\/hu\/wp-json\/wp\/v2\/product_brand?post=8984"},{"taxonomy":"product_cat","embeddable":true,"href":"https:\/\/staging.cofetariascalaoradea.ro\/hu\/wp-json\/wp\/v2\/product_cat?post=8984"},{"taxonomy":"product_tag","embeddable":true,"href":"https:\/\/staging.cofetariascalaoradea.ro\/hu\/wp-json\/wp\/v2\/product_tag?post=8984"}],"curies":[{"name":"wp","href":"https:\/\/api.w.org\/{rel}","templated":true}]}}