{"id":8081,"date":"2023-02-28T14:19:29","date_gmt":"2023-02-28T12:19:29","guid":{"rendered":"https:\/\/cofetariascalaoradea.ro\/?post_type=product&#038;p=8081"},"modified":"2025-08-13T15:32:22","modified_gmt":"2025-08-13T12:32:22","slug":"macarons","status":"publish","type":"product","link":"https:\/\/staging.cofetariascalaoradea.ro\/hu\/produs\/macarons\/","title":{"rendered":"Macarons la bucata"},"content":{"rendered":"<p>Ingrediente: faina de migdale, zahar, oua, unt, ciocolata belgiana, smantana pentru frisca 36%. Diferite arome, pireuri de fructe sau fructe proaspete.<\/p>\n<p>Gramaj: 20 gr\/buc<\/p>\n","protected":false},"excerpt":{"rendered":"<p>Macarons delicioase cu diferite arome:<\/p>\n<ul>\n<li>rosu &#8211; ciocolata alba cu fruct zmeura<\/li>\n<li>verde &#8211; fistic<\/li>\n<li>maro &#8211; ciocolata<\/li>\n<li>roz deschis &#8211; zmeura<\/li>\n<li>roz inchis &#8211; capsuna<\/li>\n<li>mov deschis &#8211; lavanda<\/li>\n<li>alb &#8211; ciocolata alba<\/li>\n<li>crem &#8211; vanilie<\/li>\n<li>portocaliu &#8211; mango<\/li>\n<li>mov inchis &#8211; afine<\/li>\n<\/ul>\n<p>&nbsp;<\/p>\n","protected":false},"featured_media":9046,"comment_status":"closed","ping_status":"closed","template":"","meta":{"_acf_changed":false,"jetpack_publicize_message":"","jetpack_publicize_feature_enabled":true,"jetpack_social_post_already_shared":true,"jetpack_social_options":{"image_generator_settings":{"template":"highway","default_image_id":0,"font":"","enabled":false},"version":2}},"product_brand":[],"product_cat":[17],"product_tag":[134,135,136,132,133],"class_list":{"0":"post-8081","1":"product","2":"type-product","3":"status-publish","4":"has-post-thumbnail","6":"product_cat-prajituri","7":"product_tag-martisor","8":"product_tag-1-martie","9":"product_tag-8-martie","10":"product_tag-macarons","11":"product_tag-macaron","13":"first","14":"outofstock","15":"taxable","16":"shipping-taxable","17":"purchasable","18":"product-type-simple"},"exclude_global_add_ons":[],"addons":[],"acf":[],"yoast_head":"<!-- This site is optimized with the Yoast SEO plugin v27.5 - https:\/\/yoast.com\/product\/yoast-seo-wordpress\/ -->\n<title>Macarons la bucata - Cofetaria Scala Oradea<\/title>\n<meta name=\"robots\" content=\"noindex, follow, max-snippet:-1, max-image-preview:large, max-video-preview:-1\" \/>\n<meta property=\"og:locale\" content=\"hu_HU\" \/>\n<meta property=\"og:type\" content=\"article\" \/>\n<meta property=\"og:title\" content=\"Macarons la bucata - Cofetaria Scala Oradea\" \/>\n<meta property=\"og:description\" content=\"Macarons delicioase cu diferite arome:   rosu - ciocolata alba cu fruct zmeura  verde - fistic  maro - ciocolata  roz deschis - zmeura  roz inchis - capsuna  mov deschis - lavanda  alb - ciocolata alba  crem - vanilie  portocaliu - mango  mov inchis - afine  &nbsp;\" \/>\n<meta property=\"og:url\" content=\"https:\/\/staging.cofetariascalaoradea.ro\/hu\/produs\/macarons\/\" \/>\n<meta property=\"og:site_name\" content=\"Cofetaria Scala Oradea\" \/>\n<meta property=\"article:publisher\" content=\"https:\/\/www.facebook.com\/cofetariascalaoradea\" \/>\n<meta property=\"article:modified_time\" content=\"2025-08-13T12:32:22+00:00\" \/>\n<meta property=\"og:image\" content=\"https:\/\/i0.wp.com\/staging.cofetariascalaoradea.ro\/wp-content\/uploads\/2023\/02\/RGL05817-scaled.jpg?fit=1707%2C2560&ssl=1\" \/>\n\t<meta property=\"og:image:width\" content=\"1707\" \/>\n\t<meta property=\"og:image:height\" content=\"2560\" \/>\n\t<meta property=\"og:image:type\" content=\"image\/jpeg\" \/>\n<meta name=\"twitter:card\" content=\"summary_large_image\" \/>\n<meta name=\"twitter:label1\" content=\"Becs\u00fclt olvas\u00e1si id\u0151\" \/>\n\t<meta name=\"twitter:data1\" content=\"1 perc\" \/>\n<script type=\"application\/ld+json\" class=\"yoast-schema-graph\">{\"@context\":\"https:\\\/\\\/schema.org\",\"@graph\":[{\"@type\":\"WebPage\",\"@id\":\"https:\\\/\\\/staging.cofetariascalaoradea.ro\\\/hu\\\/produs\\\/macarons\\\/\",\"url\":\"https:\\\/\\\/staging.cofetariascalaoradea.ro\\\/hu\\\/produs\\\/macarons\\\/\",\"name\":\"Macarons la bucata - Cofetaria Scala Oradea\",\"isPartOf\":{\"@id\":\"https:\\\/\\\/staging.cofetariascalaoradea.ro\\\/hu\\\/#website\"},\"primaryImageOfPage\":{\"@id\":\"https:\\\/\\\/staging.cofetariascalaoradea.ro\\\/hu\\\/produs\\\/macarons\\\/#primaryimage\"},\"image\":{\"@id\":\"https:\\\/\\\/staging.cofetariascalaoradea.ro\\\/hu\\\/produs\\\/macarons\\\/#primaryimage\"},\"thumbnailUrl\":\"https:\\\/\\\/i0.wp.com\\\/staging.cofetariascalaoradea.ro\\\/wp-content\\\/uploads\\\/2023\\\/02\\\/RGL05817-scaled.jpg?fit=1707%2C2560&ssl=1\",\"datePublished\":\"2023-02-28T12:19:29+00:00\",\"dateModified\":\"2025-08-13T12:32:22+00:00\",\"breadcrumb\":{\"@id\":\"https:\\\/\\\/staging.cofetariascalaoradea.ro\\\/hu\\\/produs\\\/macarons\\\/#breadcrumb\"},\"inLanguage\":\"hu\",\"potentialAction\":[{\"@type\":\"ReadAction\",\"target\":[\"https:\\\/\\\/staging.cofetariascalaoradea.ro\\\/hu\\\/produs\\\/macarons\\\/\"]}]},{\"@type\":\"ImageObject\",\"inLanguage\":\"hu\",\"@id\":\"https:\\\/\\\/staging.cofetariascalaoradea.ro\\\/hu\\\/produs\\\/macarons\\\/#primaryimage\",\"url\":\"https:\\\/\\\/i0.wp.com\\\/staging.cofetariascalaoradea.ro\\\/wp-content\\\/uploads\\\/2023\\\/02\\\/RGL05817-scaled.jpg?fit=1707%2C2560&ssl=1\",\"contentUrl\":\"https:\\\/\\\/i0.wp.com\\\/staging.cofetariascalaoradea.ro\\\/wp-content\\\/uploads\\\/2023\\\/02\\\/RGL05817-scaled.jpg?fit=1707%2C2560&ssl=1\",\"width\":1707,\"height\":2560},{\"@type\":\"BreadcrumbList\",\"@id\":\"https:\\\/\\\/staging.cofetariascalaoradea.ro\\\/hu\\\/produs\\\/macarons\\\/#breadcrumb\",\"itemListElement\":[{\"@type\":\"ListItem\",\"position\":1,\"name\":\"Prima pagin\u0103\",\"item\":\"https:\\\/\\\/staging.cofetariascalaoradea.ro\\\/hu\\\/homez\\\/\"},{\"@type\":\"ListItem\",\"position\":2,\"name\":\"Shop\",\"item\":\"https:\\\/\\\/staging.cofetariascalaoradea.ro\\\/shop\\\/\"},{\"@type\":\"ListItem\",\"position\":3,\"name\":\"Macarons la bucata\"}]},{\"@type\":\"WebSite\",\"@id\":\"https:\\\/\\\/staging.cofetariascalaoradea.ro\\\/hu\\\/#website\",\"url\":\"https:\\\/\\\/staging.cofetariascalaoradea.ro\\\/hu\\\/\",\"name\":\"Cofetaria Scala Oradea\",\"description\":\"Gustul amintirilor dulci\",\"publisher\":{\"@id\":\"https:\\\/\\\/staging.cofetariascalaoradea.ro\\\/hu\\\/#organization\"},\"potentialAction\":[{\"@type\":\"SearchAction\",\"target\":{\"@type\":\"EntryPoint\",\"urlTemplate\":\"https:\\\/\\\/staging.cofetariascalaoradea.ro\\\/hu\\\/?s={search_term_string}\"},\"query-input\":{\"@type\":\"PropertyValueSpecification\",\"valueRequired\":true,\"valueName\":\"search_term_string\"}}],\"inLanguage\":\"hu\"},{\"@type\":\"Organization\",\"@id\":\"https:\\\/\\\/staging.cofetariascalaoradea.ro\\\/hu\\\/#organization\",\"name\":\"Cofetaria Scala Oradea\",\"url\":\"https:\\\/\\\/staging.cofetariascalaoradea.ro\\\/hu\\\/\",\"logo\":{\"@type\":\"ImageObject\",\"inLanguage\":\"hu\",\"@id\":\"https:\\\/\\\/staging.cofetariascalaoradea.ro\\\/hu\\\/#\\\/schema\\\/logo\\\/image\\\/\",\"url\":\"https:\\\/\\\/staging.cofetariascalaoradea.ro\\\/wp-content\\\/uploads\\\/2020\\\/05\\\/logo-cofetaria-scala-oradea.png\",\"contentUrl\":\"https:\\\/\\\/staging.cofetariascalaoradea.ro\\\/wp-content\\\/uploads\\\/2020\\\/05\\\/logo-cofetaria-scala-oradea.png\",\"width\":300,\"height\":90,\"caption\":\"Cofetaria Scala Oradea\"},\"image\":{\"@id\":\"https:\\\/\\\/staging.cofetariascalaoradea.ro\\\/hu\\\/#\\\/schema\\\/logo\\\/image\\\/\"},\"sameAs\":[\"https:\\\/\\\/www.facebook.com\\\/cofetariascalaoradea\",\"https:\\\/\\\/www.instagram.com\\\/cofetariascalaoradea\"]}]}<\/script>\n<!-- \/ Yoast SEO plugin. -->","yoast_head_json":{"title":"Macarons la bucata - Cofetaria Scala Oradea","robots":{"index":"noindex","follow":"follow","max-snippet":"max-snippet:-1","max-image-preview":"max-image-preview:large","max-video-preview":"max-video-preview:-1"},"og_locale":"hu_HU","og_type":"article","og_title":"Macarons la bucata - Cofetaria Scala Oradea","og_description":"Macarons delicioase cu diferite arome:   rosu - ciocolata alba cu fruct zmeura  verde - fistic  maro - ciocolata  roz deschis - zmeura  roz inchis - capsuna  mov deschis - lavanda  alb - ciocolata alba  crem - vanilie  portocaliu - mango  mov inchis - afine  &nbsp;","og_url":"https:\/\/staging.cofetariascalaoradea.ro\/hu\/produs\/macarons\/","og_site_name":"Cofetaria Scala Oradea","article_publisher":"https:\/\/www.facebook.com\/cofetariascalaoradea","article_modified_time":"2025-08-13T12:32:22+00:00","og_image":[{"width":1707,"height":2560,"url":"https:\/\/i0.wp.com\/staging.cofetariascalaoradea.ro\/wp-content\/uploads\/2023\/02\/RGL05817-scaled.jpg?fit=1707%2C2560&ssl=1","type":"image\/jpeg"}],"twitter_card":"summary_large_image","twitter_misc":{"Becs\u00fclt olvas\u00e1si id\u0151":"1 perc"},"schema":{"@context":"https:\/\/schema.org","@graph":[{"@type":"WebPage","@id":"https:\/\/staging.cofetariascalaoradea.ro\/hu\/produs\/macarons\/","url":"https:\/\/staging.cofetariascalaoradea.ro\/hu\/produs\/macarons\/","name":"Macarons la bucata - Cofetaria Scala Oradea","isPartOf":{"@id":"https:\/\/staging.cofetariascalaoradea.ro\/hu\/#website"},"primaryImageOfPage":{"@id":"https:\/\/staging.cofetariascalaoradea.ro\/hu\/produs\/macarons\/#primaryimage"},"image":{"@id":"https:\/\/staging.cofetariascalaoradea.ro\/hu\/produs\/macarons\/#primaryimage"},"thumbnailUrl":"https:\/\/i0.wp.com\/staging.cofetariascalaoradea.ro\/wp-content\/uploads\/2023\/02\/RGL05817-scaled.jpg?fit=1707%2C2560&ssl=1","datePublished":"2023-02-28T12:19:29+00:00","dateModified":"2025-08-13T12:32:22+00:00","breadcrumb":{"@id":"https:\/\/staging.cofetariascalaoradea.ro\/hu\/produs\/macarons\/#breadcrumb"},"inLanguage":"hu","potentialAction":[{"@type":"ReadAction","target":["https:\/\/staging.cofetariascalaoradea.ro\/hu\/produs\/macarons\/"]}]},{"@type":"ImageObject","inLanguage":"hu","@id":"https:\/\/staging.cofetariascalaoradea.ro\/hu\/produs\/macarons\/#primaryimage","url":"https:\/\/i0.wp.com\/staging.cofetariascalaoradea.ro\/wp-content\/uploads\/2023\/02\/RGL05817-scaled.jpg?fit=1707%2C2560&ssl=1","contentUrl":"https:\/\/i0.wp.com\/staging.cofetariascalaoradea.ro\/wp-content\/uploads\/2023\/02\/RGL05817-scaled.jpg?fit=1707%2C2560&ssl=1","width":1707,"height":2560},{"@type":"BreadcrumbList","@id":"https:\/\/staging.cofetariascalaoradea.ro\/hu\/produs\/macarons\/#breadcrumb","itemListElement":[{"@type":"ListItem","position":1,"name":"Prima pagin\u0103","item":"https:\/\/staging.cofetariascalaoradea.ro\/hu\/homez\/"},{"@type":"ListItem","position":2,"name":"Shop","item":"https:\/\/staging.cofetariascalaoradea.ro\/shop\/"},{"@type":"ListItem","position":3,"name":"Macarons la bucata"}]},{"@type":"WebSite","@id":"https:\/\/staging.cofetariascalaoradea.ro\/hu\/#website","url":"https:\/\/staging.cofetariascalaoradea.ro\/hu\/","name":"Cofetaria Scala Oradea","description":"Gustul amintirilor dulci","publisher":{"@id":"https:\/\/staging.cofetariascalaoradea.ro\/hu\/#organization"},"potentialAction":[{"@type":"SearchAction","target":{"@type":"EntryPoint","urlTemplate":"https:\/\/staging.cofetariascalaoradea.ro\/hu\/?s={search_term_string}"},"query-input":{"@type":"PropertyValueSpecification","valueRequired":true,"valueName":"search_term_string"}}],"inLanguage":"hu"},{"@type":"Organization","@id":"https:\/\/staging.cofetariascalaoradea.ro\/hu\/#organization","name":"Cofetaria Scala Oradea","url":"https:\/\/staging.cofetariascalaoradea.ro\/hu\/","logo":{"@type":"ImageObject","inLanguage":"hu","@id":"https:\/\/staging.cofetariascalaoradea.ro\/hu\/#\/schema\/logo\/image\/","url":"https:\/\/staging.cofetariascalaoradea.ro\/wp-content\/uploads\/2020\/05\/logo-cofetaria-scala-oradea.png","contentUrl":"https:\/\/staging.cofetariascalaoradea.ro\/wp-content\/uploads\/2020\/05\/logo-cofetaria-scala-oradea.png","width":300,"height":90,"caption":"Cofetaria Scala Oradea"},"image":{"@id":"https:\/\/staging.cofetariascalaoradea.ro\/hu\/#\/schema\/logo\/image\/"},"sameAs":["https:\/\/www.facebook.com\/cofetariascalaoradea","https:\/\/www.instagram.com\/cofetariascalaoradea"]}]}},"jetpack_publicize_connections":[],"jetpack_sharing_enabled":true,"_links":{"self":[{"href":"https:\/\/staging.cofetariascalaoradea.ro\/hu\/wp-json\/wp\/v2\/product\/8081","targetHints":{"allow":["GET"]}}],"collection":[{"href":"https:\/\/staging.cofetariascalaoradea.ro\/hu\/wp-json\/wp\/v2\/product"}],"about":[{"href":"https:\/\/staging.cofetariascalaoradea.ro\/hu\/wp-json\/wp\/v2\/types\/product"}],"replies":[{"embeddable":true,"href":"https:\/\/staging.cofetariascalaoradea.ro\/hu\/wp-json\/wp\/v2\/comments?post=8081"}],"wp:featuredmedia":[{"embeddable":true,"href":"https:\/\/staging.cofetariascalaoradea.ro\/hu\/wp-json\/wp\/v2\/media\/9046"}],"wp:attachment":[{"href":"https:\/\/staging.cofetariascalaoradea.ro\/hu\/wp-json\/wp\/v2\/media?parent=8081"}],"wp:term":[{"taxonomy":"product_brand","embeddable":true,"href":"https:\/\/staging.cofetariascalaoradea.ro\/hu\/wp-json\/wp\/v2\/product_brand?post=8081"},{"taxonomy":"product_cat","embeddable":true,"href":"https:\/\/staging.cofetariascalaoradea.ro\/hu\/wp-json\/wp\/v2\/product_cat?post=8081"},{"taxonomy":"product_tag","embeddable":true,"href":"https:\/\/staging.cofetariascalaoradea.ro\/hu\/wp-json\/wp\/v2\/product_tag?post=8081"}],"curies":[{"name":"wp","href":"https:\/\/api.w.org\/{rel}","templated":true}]}}