{"id":1174,"date":"2020-12-07T14:20:32","date_gmt":"2020-12-07T12:20:32","guid":{"rendered":"https:\/\/cofetariascalaoradea.ro\/?post_type=product&#038;p=1174"},"modified":"2025-09-26T11:44:08","modified_gmt":"2025-09-26T08:44:08","slug":"baigli-cu-nuca-500g","status":"publish","type":"product","link":"https:\/\/staging.cofetariascalaoradea.ro\/en\/produs\/baigli-cu-nuca-500g\/","title":{"rendered":"Baigli cu nuca 500g"},"content":{"rendered":"<p><strong>Ingrediente<\/strong>: faina de grau, ou, margarina, zahar, miez de nuca, drojdie, esente, stafide, sare<br \/>\n<strong>Greutate:\u00a0 APROXIMATIV 5<\/strong>00g<\/p>\n<p>A SE PASTRA LA TEMPERATURA CAMEREI LA LOC USCAT,<\/p>\n<p>Informa\u0163ii nutri\u0163ionale medii pentru 100 g: Valoare energetic\u0103: 1866 kJ\/446 kcal Gr\u0103simi, din care: 26,30 g &#8211; acizi gra\u015fi satura\u0163i 8,30 g &#8211; acizi gra\u015fi mononesatura\u0163i 10,80 g &#8211; acizi gra\u015fi polinesatura\u0163i 6,30 g Glucide, din care: 39,30 g &#8211; zaharuri 14,20 g &#8211; polioli 0.00 g &#8211; amidon 25,10 g Fibre 5,30 g Proteine 12,80 g Sare 0,20 g<\/p>\n<p><strong>\u00a0<\/strong><\/p>\n","protected":false},"excerpt":{"rendered":"<p>Rulada din aluat fraged cu putina drojdie si umplutura generoasa de nuca<strong><br \/>\nAlergeni<\/strong>: Gluten, Oua, Nuci. POATE CONTINE COJI de NUCA<\/p>\n<p>&nbsp;<\/p>\n","protected":false},"featured_media":8921,"comment_status":"open","ping_status":"closed","template":"","meta":{"_acf_changed":false,"jetpack_publicize_message":"","jetpack_publicize_feature_enabled":true,"jetpack_social_post_already_shared":false,"jetpack_social_options":{"image_generator_settings":{"template":"highway","default_image_id":0,"font":"","enabled":false},"version":2}},"product_brand":[],"product_cat":[18],"product_tag":[],"class_list":{"0":"post-1174","1":"product","2":"type-product","3":"status-publish","4":"has-post-thumbnail","6":"product_cat-patiserie","8":"first","9":"instock","10":"taxable","11":"shipping-taxable","12":"purchasable","13":"product-type-simple"},"exclude_global_add_ons":[],"addons":[],"acf":[],"yoast_head":"<!-- This site is optimized with the Yoast SEO plugin v27.3 - https:\/\/yoast.com\/product\/yoast-seo-wordpress\/ -->\n<title>Baigli cu nuca 500g - Cofetaria Scala Oradea<\/title>\n<meta name=\"robots\" content=\"noindex, follow, max-snippet:-1, max-image-preview:large, max-video-preview:-1\" \/>\n<meta property=\"og:locale\" content=\"en_US\" \/>\n<meta property=\"og:type\" content=\"article\" \/>\n<meta property=\"og:title\" content=\"Baigli cu nuca 500g - Cofetaria Scala Oradea\" \/>\n<meta property=\"og:description\" content=\"Rulada din aluat fraged cu putina drojdie si umplutura generoasa de nuca Alergeni: Gluten, Oua, Nuci. POATE CONTINE COJI de NUCA  &nbsp;\" \/>\n<meta property=\"og:url\" content=\"https:\/\/staging.cofetariascalaoradea.ro\/en\/produs\/baigli-cu-nuca-500g\/\" \/>\n<meta property=\"og:site_name\" content=\"Cofetaria Scala Oradea\" \/>\n<meta property=\"article:publisher\" content=\"https:\/\/www.facebook.com\/cofetariascalaoradea\" \/>\n<meta property=\"article:modified_time\" content=\"2025-09-26T08:44:08+00:00\" \/>\n<meta property=\"og:image\" content=\"https:\/\/i0.wp.com\/staging.cofetariascalaoradea.ro\/wp-content\/uploads\/2020\/12\/RGL05708-scaled.jpg?fit=2560%2C1707&ssl=1\" \/>\n\t<meta property=\"og:image:width\" content=\"2560\" \/>\n\t<meta property=\"og:image:height\" content=\"1707\" \/>\n\t<meta property=\"og:image:type\" content=\"image\/jpeg\" \/>\n<meta name=\"twitter:card\" content=\"summary_large_image\" \/>\n<meta name=\"twitter:label1\" content=\"Est. reading time\" \/>\n\t<meta name=\"twitter:data1\" content=\"1 minute\" \/>\n<script type=\"application\/ld+json\" class=\"yoast-schema-graph\">{\"@context\":\"https:\\\/\\\/schema.org\",\"@graph\":[{\"@type\":\"WebPage\",\"@id\":\"https:\\\/\\\/staging.cofetariascalaoradea.ro\\\/en\\\/produs\\\/baigli-cu-nuca-500g\\\/\",\"url\":\"https:\\\/\\\/staging.cofetariascalaoradea.ro\\\/en\\\/produs\\\/baigli-cu-nuca-500g\\\/\",\"name\":\"Baigli cu nuca 500g - Cofetaria Scala Oradea\",\"isPartOf\":{\"@id\":\"https:\\\/\\\/staging.cofetariascalaoradea.ro\\\/en\\\/#website\"},\"primaryImageOfPage\":{\"@id\":\"https:\\\/\\\/staging.cofetariascalaoradea.ro\\\/en\\\/produs\\\/baigli-cu-nuca-500g\\\/#primaryimage\"},\"image\":{\"@id\":\"https:\\\/\\\/staging.cofetariascalaoradea.ro\\\/en\\\/produs\\\/baigli-cu-nuca-500g\\\/#primaryimage\"},\"thumbnailUrl\":\"https:\\\/\\\/i0.wp.com\\\/staging.cofetariascalaoradea.ro\\\/wp-content\\\/uploads\\\/2020\\\/12\\\/RGL05708-scaled.jpg?fit=2560%2C1707&ssl=1\",\"datePublished\":\"2020-12-07T12:20:32+00:00\",\"dateModified\":\"2025-09-26T08:44:08+00:00\",\"breadcrumb\":{\"@id\":\"https:\\\/\\\/staging.cofetariascalaoradea.ro\\\/en\\\/produs\\\/baigli-cu-nuca-500g\\\/#breadcrumb\"},\"inLanguage\":\"en-US\",\"potentialAction\":[{\"@type\":\"ReadAction\",\"target\":[\"https:\\\/\\\/staging.cofetariascalaoradea.ro\\\/en\\\/produs\\\/baigli-cu-nuca-500g\\\/\"]}]},{\"@type\":\"ImageObject\",\"inLanguage\":\"en-US\",\"@id\":\"https:\\\/\\\/staging.cofetariascalaoradea.ro\\\/en\\\/produs\\\/baigli-cu-nuca-500g\\\/#primaryimage\",\"url\":\"https:\\\/\\\/i0.wp.com\\\/staging.cofetariascalaoradea.ro\\\/wp-content\\\/uploads\\\/2020\\\/12\\\/RGL05708-scaled.jpg?fit=2560%2C1707&ssl=1\",\"contentUrl\":\"https:\\\/\\\/i0.wp.com\\\/staging.cofetariascalaoradea.ro\\\/wp-content\\\/uploads\\\/2020\\\/12\\\/RGL05708-scaled.jpg?fit=2560%2C1707&ssl=1\",\"width\":2560,\"height\":1707},{\"@type\":\"BreadcrumbList\",\"@id\":\"https:\\\/\\\/staging.cofetariascalaoradea.ro\\\/en\\\/produs\\\/baigli-cu-nuca-500g\\\/#breadcrumb\",\"itemListElement\":[{\"@type\":\"ListItem\",\"position\":1,\"name\":\"Prima pagin\u0103\",\"item\":\"https:\\\/\\\/staging.cofetariascalaoradea.ro\\\/en\\\/homez\\\/\"},{\"@type\":\"ListItem\",\"position\":2,\"name\":\"Shop\",\"item\":\"https:\\\/\\\/staging.cofetariascalaoradea.ro\\\/shop\\\/\"},{\"@type\":\"ListItem\",\"position\":3,\"name\":\"Baigli cu nuca 500g\"}]},{\"@type\":\"WebSite\",\"@id\":\"https:\\\/\\\/staging.cofetariascalaoradea.ro\\\/en\\\/#website\",\"url\":\"https:\\\/\\\/staging.cofetariascalaoradea.ro\\\/en\\\/\",\"name\":\"Cofetaria Scala Oradea\",\"description\":\"Gustul amintirilor dulci\",\"publisher\":{\"@id\":\"https:\\\/\\\/staging.cofetariascalaoradea.ro\\\/en\\\/#organization\"},\"potentialAction\":[{\"@type\":\"SearchAction\",\"target\":{\"@type\":\"EntryPoint\",\"urlTemplate\":\"https:\\\/\\\/staging.cofetariascalaoradea.ro\\\/en\\\/?s={search_term_string}\"},\"query-input\":{\"@type\":\"PropertyValueSpecification\",\"valueRequired\":true,\"valueName\":\"search_term_string\"}}],\"inLanguage\":\"en-US\"},{\"@type\":\"Organization\",\"@id\":\"https:\\\/\\\/staging.cofetariascalaoradea.ro\\\/en\\\/#organization\",\"name\":\"Cofetaria Scala Oradea\",\"url\":\"https:\\\/\\\/staging.cofetariascalaoradea.ro\\\/en\\\/\",\"logo\":{\"@type\":\"ImageObject\",\"inLanguage\":\"en-US\",\"@id\":\"https:\\\/\\\/staging.cofetariascalaoradea.ro\\\/en\\\/#\\\/schema\\\/logo\\\/image\\\/\",\"url\":\"https:\\\/\\\/staging.cofetariascalaoradea.ro\\\/wp-content\\\/uploads\\\/2020\\\/05\\\/logo-cofetaria-scala-oradea.png\",\"contentUrl\":\"https:\\\/\\\/staging.cofetariascalaoradea.ro\\\/wp-content\\\/uploads\\\/2020\\\/05\\\/logo-cofetaria-scala-oradea.png\",\"width\":300,\"height\":90,\"caption\":\"Cofetaria Scala Oradea\"},\"image\":{\"@id\":\"https:\\\/\\\/staging.cofetariascalaoradea.ro\\\/en\\\/#\\\/schema\\\/logo\\\/image\\\/\"},\"sameAs\":[\"https:\\\/\\\/www.facebook.com\\\/cofetariascalaoradea\",\"https:\\\/\\\/www.instagram.com\\\/cofetariascalaoradea\"]}]}<\/script>\n<!-- \/ Yoast SEO plugin. -->","yoast_head_json":{"title":"Baigli cu nuca 500g - Cofetaria Scala Oradea","robots":{"index":"noindex","follow":"follow","max-snippet":"max-snippet:-1","max-image-preview":"max-image-preview:large","max-video-preview":"max-video-preview:-1"},"og_locale":"en_US","og_type":"article","og_title":"Baigli cu nuca 500g - Cofetaria Scala Oradea","og_description":"Rulada din aluat fraged cu putina drojdie si umplutura generoasa de nuca Alergeni: Gluten, Oua, Nuci. POATE CONTINE COJI de NUCA  &nbsp;","og_url":"https:\/\/staging.cofetariascalaoradea.ro\/en\/produs\/baigli-cu-nuca-500g\/","og_site_name":"Cofetaria Scala Oradea","article_publisher":"https:\/\/www.facebook.com\/cofetariascalaoradea","article_modified_time":"2025-09-26T08:44:08+00:00","og_image":[{"width":2560,"height":1707,"url":"https:\/\/i0.wp.com\/staging.cofetariascalaoradea.ro\/wp-content\/uploads\/2020\/12\/RGL05708-scaled.jpg?fit=2560%2C1707&ssl=1","type":"image\/jpeg"}],"twitter_card":"summary_large_image","twitter_misc":{"Est. reading time":"1 minute"},"schema":{"@context":"https:\/\/schema.org","@graph":[{"@type":"WebPage","@id":"https:\/\/staging.cofetariascalaoradea.ro\/en\/produs\/baigli-cu-nuca-500g\/","url":"https:\/\/staging.cofetariascalaoradea.ro\/en\/produs\/baigli-cu-nuca-500g\/","name":"Baigli cu nuca 500g - Cofetaria Scala Oradea","isPartOf":{"@id":"https:\/\/staging.cofetariascalaoradea.ro\/en\/#website"},"primaryImageOfPage":{"@id":"https:\/\/staging.cofetariascalaoradea.ro\/en\/produs\/baigli-cu-nuca-500g\/#primaryimage"},"image":{"@id":"https:\/\/staging.cofetariascalaoradea.ro\/en\/produs\/baigli-cu-nuca-500g\/#primaryimage"},"thumbnailUrl":"https:\/\/i0.wp.com\/staging.cofetariascalaoradea.ro\/wp-content\/uploads\/2020\/12\/RGL05708-scaled.jpg?fit=2560%2C1707&ssl=1","datePublished":"2020-12-07T12:20:32+00:00","dateModified":"2025-09-26T08:44:08+00:00","breadcrumb":{"@id":"https:\/\/staging.cofetariascalaoradea.ro\/en\/produs\/baigli-cu-nuca-500g\/#breadcrumb"},"inLanguage":"en-US","potentialAction":[{"@type":"ReadAction","target":["https:\/\/staging.cofetariascalaoradea.ro\/en\/produs\/baigli-cu-nuca-500g\/"]}]},{"@type":"ImageObject","inLanguage":"en-US","@id":"https:\/\/staging.cofetariascalaoradea.ro\/en\/produs\/baigli-cu-nuca-500g\/#primaryimage","url":"https:\/\/i0.wp.com\/staging.cofetariascalaoradea.ro\/wp-content\/uploads\/2020\/12\/RGL05708-scaled.jpg?fit=2560%2C1707&ssl=1","contentUrl":"https:\/\/i0.wp.com\/staging.cofetariascalaoradea.ro\/wp-content\/uploads\/2020\/12\/RGL05708-scaled.jpg?fit=2560%2C1707&ssl=1","width":2560,"height":1707},{"@type":"BreadcrumbList","@id":"https:\/\/staging.cofetariascalaoradea.ro\/en\/produs\/baigli-cu-nuca-500g\/#breadcrumb","itemListElement":[{"@type":"ListItem","position":1,"name":"Prima pagin\u0103","item":"https:\/\/staging.cofetariascalaoradea.ro\/en\/homez\/"},{"@type":"ListItem","position":2,"name":"Shop","item":"https:\/\/staging.cofetariascalaoradea.ro\/shop\/"},{"@type":"ListItem","position":3,"name":"Baigli cu nuca 500g"}]},{"@type":"WebSite","@id":"https:\/\/staging.cofetariascalaoradea.ro\/en\/#website","url":"https:\/\/staging.cofetariascalaoradea.ro\/en\/","name":"Cofetaria Scala Oradea","description":"Gustul amintirilor dulci","publisher":{"@id":"https:\/\/staging.cofetariascalaoradea.ro\/en\/#organization"},"potentialAction":[{"@type":"SearchAction","target":{"@type":"EntryPoint","urlTemplate":"https:\/\/staging.cofetariascalaoradea.ro\/en\/?s={search_term_string}"},"query-input":{"@type":"PropertyValueSpecification","valueRequired":true,"valueName":"search_term_string"}}],"inLanguage":"en-US"},{"@type":"Organization","@id":"https:\/\/staging.cofetariascalaoradea.ro\/en\/#organization","name":"Cofetaria Scala Oradea","url":"https:\/\/staging.cofetariascalaoradea.ro\/en\/","logo":{"@type":"ImageObject","inLanguage":"en-US","@id":"https:\/\/staging.cofetariascalaoradea.ro\/en\/#\/schema\/logo\/image\/","url":"https:\/\/staging.cofetariascalaoradea.ro\/wp-content\/uploads\/2020\/05\/logo-cofetaria-scala-oradea.png","contentUrl":"https:\/\/staging.cofetariascalaoradea.ro\/wp-content\/uploads\/2020\/05\/logo-cofetaria-scala-oradea.png","width":300,"height":90,"caption":"Cofetaria Scala Oradea"},"image":{"@id":"https:\/\/staging.cofetariascalaoradea.ro\/en\/#\/schema\/logo\/image\/"},"sameAs":["https:\/\/www.facebook.com\/cofetariascalaoradea","https:\/\/www.instagram.com\/cofetariascalaoradea"]}]}},"jetpack_publicize_connections":[],"jetpack_sharing_enabled":true,"_links":{"self":[{"href":"https:\/\/staging.cofetariascalaoradea.ro\/en\/wp-json\/wp\/v2\/product\/1174","targetHints":{"allow":["GET"]}}],"collection":[{"href":"https:\/\/staging.cofetariascalaoradea.ro\/en\/wp-json\/wp\/v2\/product"}],"about":[{"href":"https:\/\/staging.cofetariascalaoradea.ro\/en\/wp-json\/wp\/v2\/types\/product"}],"replies":[{"embeddable":true,"href":"https:\/\/staging.cofetariascalaoradea.ro\/en\/wp-json\/wp\/v2\/comments?post=1174"}],"wp:featuredmedia":[{"embeddable":true,"href":"https:\/\/staging.cofetariascalaoradea.ro\/en\/wp-json\/wp\/v2\/media\/8921"}],"wp:attachment":[{"href":"https:\/\/staging.cofetariascalaoradea.ro\/en\/wp-json\/wp\/v2\/media?parent=1174"}],"wp:term":[{"taxonomy":"product_brand","embeddable":true,"href":"https:\/\/staging.cofetariascalaoradea.ro\/en\/wp-json\/wp\/v2\/product_brand?post=1174"},{"taxonomy":"product_cat","embeddable":true,"href":"https:\/\/staging.cofetariascalaoradea.ro\/en\/wp-json\/wp\/v2\/product_cat?post=1174"},{"taxonomy":"product_tag","embeddable":true,"href":"https:\/\/staging.cofetariascalaoradea.ro\/en\/wp-json\/wp\/v2\/product_tag?post=1174"}],"curies":[{"name":"wp","href":"https:\/\/api.w.org\/{rel}","templated":true}]}}